{"id":2,"date":"2016-08-31T14:33:49","date_gmt":"2016-08-31T13:33:49","guid":{"rendered":"http:\/\/ceramic-development.com\/?page_id=2"},"modified":"2018-10-17T18:05:24","modified_gmt":"2018-10-17T17:05:24","slug":"la-societe","status":"publish","type":"page","link":"https:\/\/ceramic-development.com\/index.php\/la-societe\/","title":{"rendered":"La Soci\u00e9t\u00e9"},"content":{"rendered":"<p><img decoding=\"async\" loading=\"lazy\" class=\"size-medium wp-image-72 aligncenter\" src=\"http:\/\/ceramic-development.com\/wp-content\/uploads\/2016\/08\/Logo-Noir-PNG-fond-neutre-300x105.png\" alt=\"logo-noir-png-fond-neutre\" width=\"300\" height=\"105\" srcset=\"https:\/\/ceramic-development.com\/wp-content\/uploads\/2016\/08\/Logo-Noir-PNG-fond-neutre-300x105.png 300w, https:\/\/ceramic-development.com\/wp-content\/uploads\/2016\/08\/Logo-Noir-PNG-fond-neutre.png 636w\" sizes=\"(max-width: 300px) 100vw, 300px\" \/><\/p>\n<p>Cr\u00e9\u00e9e par Nicolas Ravel, ing\u00e9nieur c\u00e9ramiste de l\u2019ENSCI \u2013 Limoges, Ceramic Development se d\u00e9die \u00e0 ses clients dans plusieurs domaines :<\/p>\n<ul>\n<li>l\u2019expertise technique en ing\u00e9nierie des process de s\u00e9chage\/cuisson et de la manutention ,<\/li>\n<li>La distribution de produits isolants et r\u00e9fractaires hautes temp\u00e9ratures,<\/li>\n<li>La conception d\u2019appareils de mesures <strong>3.0<\/strong> pour les industries des hautes temp\u00e9ratures.<\/li>\n<\/ul>\n<p>Fort de 25 ans d\u2019exp\u00e9rience \u00e0 travers le monde entier, dans les m\u00e9tiers de la production, de l\u2019ing\u00e9nierie et de la vente de solutions techniques \u00e0 fortes valeurs ajout\u00e9es, et gr\u00e2ce \u00e0 un r\u00e9seau de partenaires et de professionnels, Ceramic Development regroupe un\u00a0ensemble de comp\u00e9tences techniques afin de r\u00e9pondre \u00e0 de nombreuses probl\u00e9matiques industrielles.<\/p>\n<p>Ceramic Development c\u2019est aussi une capacit\u00e9 \u00e0 faire des audits de qualit\u00e9, de productivit\u00e9, des audits mati\u00e8res premi\u00e8res, des audits thermiques et de performances dans les domaines suivants :<\/p>\n<ul>\n<li>Carri\u00e8re et gisement,<\/li>\n<li>Analyse mati\u00e8res premi\u00e8res,<\/li>\n<li>Broyage et pr\u00e9paration des mati\u00e8res premi\u00e8res,<\/li>\n<li>Fabrication des produits,<\/li>\n<li>S\u00e9chage,<\/li>\n<li>Cuisson,<\/li>\n<li>Manutention,<\/li>\n<li>Isolation thermique et r\u00e9duction de consommations\/co\u00fbts \u00e9nerg\u00e9tiques,<\/li>\n<\/ul>\n<p>.<\/p>\n","protected":false},"excerpt":{"rendered":"<p>Cr\u00e9\u00e9e par Nicolas Ravel, ing\u00e9nieur c\u00e9ramiste de l\u2019ENSCI \u2013 Limoges, Ceramic Development se d\u00e9die \u00e0 ses clients dans plusieurs domaines : l\u2019expertise technique en ing\u00e9nierie des process de s\u00e9chage\/cuisson et de la manutention , La distribution de produits isolants et r\u00e9fractaires hautes temp\u00e9ratures, La conception d\u2019appareils de mesures 3.0 pour les industries des hautes temp\u00e9ratures. [&hellip;]<\/p>\n","protected":false},"author":1,"featured_media":80,"parent":0,"menu_order":0,"comment_status":"closed","ping_status":"open","template":"","meta":[],"_links":{"self":[{"href":"https:\/\/ceramic-development.com\/index.php\/wp-json\/wp\/v2\/pages\/2"}],"collection":[{"href":"https:\/\/ceramic-development.com\/index.php\/wp-json\/wp\/v2\/pages"}],"about":[{"href":"https:\/\/ceramic-development.com\/index.php\/wp-json\/wp\/v2\/types\/page"}],"author":[{"embeddable":true,"href":"https:\/\/ceramic-development.com\/index.php\/wp-json\/wp\/v2\/users\/1"}],"replies":[{"embeddable":true,"href":"https:\/\/ceramic-development.com\/index.php\/wp-json\/wp\/v2\/comments?post=2"}],"version-history":[{"count":15,"href":"https:\/\/ceramic-development.com\/index.php\/wp-json\/wp\/v2\/pages\/2\/revisions"}],"predecessor-version":[{"id":222,"href":"https:\/\/ceramic-development.com\/index.php\/wp-json\/wp\/v2\/pages\/2\/revisions\/222"}],"wp:featuredmedia":[{"embeddable":true,"href":"https:\/\/ceramic-development.com\/index.php\/wp-json\/wp\/v2\/media\/80"}],"wp:attachment":[{"href":"https:\/\/ceramic-development.com\/index.php\/wp-json\/wp\/v2\/media?parent=2"}],"curies":[{"name":"wp","href":"https:\/\/api.w.org\/{rel}","templated":true}]}}